{"id":21,"date":"2024-06-26T00:23:37","date_gmt":"2024-06-25T22:23:37","guid":{"rendered":"https:\/\/kjr3.dobicki.de\/agb\/"},"modified":"2026-03-08T22:49:53","modified_gmt":"2026-03-08T21:49:53","slug":"vertragsbedingungen","status":"publish","type":"page","link":"https:\/\/mieten.kjr-swp.de\/mieten\/vertragsbedingungen\/","title":{"rendered":"Vertragsbedingungen"},"content":{"rendered":"<p>[et_pb_section fb_built=&#8220;1&#8243; _builder_version=&#8220;4.26.0&#8243; _module_preset=&#8220;default&#8220; global_colors_info=&#8220;{}&#8220;][et_pb_row _builder_version=&#8220;4.26.0&#8243; _module_preset=&#8220;default&#8220; global_colors_info=&#8220;{}&#8220;][et_pb_column type=&#8220;4_4&#8243; _builder_version=&#8220;4.26.0&#8243; _module_preset=&#8220;default&#8220; global_colors_info=&#8220;{}&#8220;][et_pb_text _builder_version=&#8220;4.27.0&#8243; _module_preset=&#8220;default&#8220; global_colors_info=&#8220;{}&#8220;]<\/p>\n<p><span style=\"color: #333333; font-size: 30px;\">Mietvertrag f\u00fcr Spielger\u00e4te des Kreisjugendring S\u00fcdwestpfalz e.V.<\/span><\/p>\n<div class=\"section\">\n<p><strong>Zwischen dem<\/strong><\/p>\n<p>Kreisjugendring S\u00fcdwestpfalz e.V.<\/p>\n<p>Gesch\u00e4ftsstelle: Kreisverwaltung<\/p>\n<p>Postfach 2265<\/p>\n<p>66930 Pirmasens<\/p>\n<p><strong>(Vermieter)<\/strong><\/p>\n<p>und<\/p>\n<p>dem Mieter wie im Online-Formular angegeben<\/p>\n<p>wird folgender Mietvertrag geschlossen:<\/p>\n<\/div>\n<div class=\"section\">\n<h2>\u00a0<\/h2>\n<h2>\u00a0<\/h2>\n<h2>1. Einsatzdaten<\/h2>\n<p>Der Vermieter \u00fcberl\u00e4sst dem Mieter das\/die im Online-Modul angegebene(n) Ausleihgegenstand\/st\u00e4nde f\u00fcr den im Modul angegebenen Einsatzzeitraum und Einsatzzweck.<\/p>\n<p>Der genaue \u00dcbergabe- bzw. R\u00fcckgabetermin ist mit dem Vermieter abzustimmen und einzuhalten. Die Abholung, der Auf- und Abbau sowie der R\u00fccktransport erfolgt durch den Mieter.<\/p>\n<\/div>\n<div class=\"section\">\n<h2>\u00a0<\/h2>\n<h2>\u00a0<\/h2>\n<h2>2. Mietgeb\u00fchr und Kaution<\/h2>\n<table class=\"table\">\n<thead>\n<tr>\n<th>Gegenstand<\/th>\n<th>Mitgliedsverb\u00e4nde (pro Tag)<\/th>\n<th>Nichtmitglieder (pro Tag)<\/th>\n<\/tr>\n<\/thead>\n<tbody>\n<tr>\n<td>H\u00fcpfburg, 1. &amp; 2. Tag je<\/td>\n<td>60,00 EUR<\/td>\n<td>120,00 EUR<\/td>\n<\/tr>\n<tr>\n<td>H\u00fcpfburg, 3. &amp; 4. Tag je<\/td>\n<td>50,00 EUR<\/td>\n<td>110,00 EUR<\/td>\n<\/tr>\n<tr>\n<td>H\u00fcpfburg, ab dem 5. Tag je<\/td>\n<td>40,00 EUR<\/td>\n<td>100,00 EUR<\/td>\n<\/tr>\n<tr>\n<td>Bubble Ball Arena, 1. &amp; 2. Tag je<\/td>\n<td>60,00 EUR<\/td>\n<td>120,00 EUR<\/td>\n<\/tr>\n<tr>\n<td>Bubble Ball Arena, 3. &amp; 4. Tag je<\/td>\n<td>50,00 EUR<\/td>\n<td>110,00 EUR<\/td>\n<\/tr>\n<tr>\n<td>Bubble Ball Arena, ab dem 5. Tag je<\/td>\n<td>40,00 EUR<\/td>\n<td>100,00 EUR<\/td>\n<\/tr>\n<tr>\n<td>Anh\u00e4nger 1\/2, 1. &amp; 2. Tag je<\/td>\n<td>30,00 EUR<\/td>\n<td>50,00 EUR<\/td>\n<\/tr>\n<tr>\n<td>Anh\u00e4nger 1\/2, 3. &amp; 4. Tag je<\/td>\n<td>20,00 EUR<\/td>\n<td>30,00 EUR<\/td>\n<\/tr>\n<tr>\n<td>Anh\u00e4nger 1\/2, ab dem 5. Tag je<\/td>\n<td>15,00 EUR<\/td>\n<td>20,00 EUR<\/td>\n<\/tr>\n<\/tbody>\n<\/table>\n<p>Spendenbescheinigungen k\u00f6nnen aufgrund der konkret vereinbarten Gegenleistung nicht ausgestellt werden. Die Nichteinhaltung der vereinbarten Abhol- und R\u00fcckgabezeiten um mehr als eine Stunde wird mit einer Geb\u00fchr von 20,00 Euro berechnet.<\/p>\n<\/div>\n<div class=\"section\">\n<h2>\u00a0<\/h2>\n<h2>\u00a0<\/h2>\n<h2>3. Benutzung<\/h2>\n<p>Ma\u00dfgeblich f\u00fcr die Benutzung sind die Betriebshinweise, die der H\u00fcpfburg\/Bubble Ball Arena beigef\u00fcgt sind. Die H\u00fcpfburg ist gem\u00e4\u00df der Aufbauanleitung auf- und abzubauen. Hierzu gibt es auch eine Videoanleitung\/Aufbauanleitung, die \u00fcber die Bestellseite aufgerufen werden kann. Die Betriebshinweise und die Aufbauanleitung sind Bestandteile dieses Mietvertrags.<\/p>\n<p>Der Mieter muss geeignetes Aufsichtspersonal (siehe Betriebshinweise) stellen, welches die Benutzung st\u00e4ndig und verantwortungsbewusst \u00fcberwacht. Der Mieter verpflichtet sich, die H\u00fcpfburg\/Bubble Ball Arena samt Best\u00fcckung pfleglich zu behandeln und in einem einwandfreien sauberen Zustand, ordnungsgem\u00e4\u00df (trocken) und verpackt zur\u00fcckzugeben. Dazu geh\u00f6rt insbesondere die Meldung bei entstandenen Sch\u00e4den und Verlusten.<\/p>\n<p>Bei Verschmutzung oder nasser R\u00fcckgabe hat der Mieter dem Vermieter eine Reinigungsgeb\u00fchr von EUR 100,- zu zahlen. Der Mieter darf von der entliehenen Sache keinen anderen als den vertragsgem\u00e4\u00dfen Gebrauch machen. Er ist ohne Erlaubnis des Vermieters nicht berechtigt, den Gebrauch der H\u00fcpfburg, Bubble Ball Arena, Spielmobil oder Trollo Dritten zu \u00fcberlassen.<\/p>\n<p>Des Weiteren gilt f\u00fcr alle Spielger\u00e4te, dass sie altersgerecht eingesetzt werden, d.h., dass die Spielger\u00e4te, H\u00fcpfburg ausschlie\u00dflich von Jugendlichen und Kindern benutzt werden. Erwachsene d\u00fcrfen bei der H\u00fcpfburg nur als Begleitperson von Kleinkindern fungieren. Bei der H\u00fcpfburg gilt es darauf zu achten, dass die maximale Auslastung der H\u00fcpfburg auf 9 Kinder\/Jugendliche beschr\u00e4nkt ist.<\/p>\n<p>Bei allen Mietger\u00e4ten weist der Vermieter ausdr\u00fccklich darauf hin, dass die Benutzung des Mietgegenstandes mit Gefahren f\u00fcr Personen und auch Sachen verbunden ist. Der Mieter stellt auf eigene Verantwortung sicher, dass ausschlie\u00dflich geeignetes Aufsichtspersonal die Benutzung der Mietgegenst\u00e4nde st\u00e4ndig und verantwortungsbewusst \u00fcberwacht.<\/p>\n<\/div>\n<div class=\"section\">\n<h2>\u00a0<\/h2>\n<h2>\u00a0<\/h2>\n<h2>4. Haftung<\/h2>\n<p>Die Gefahren\u00fcbertragung und Haftung gehen f\u00fcr den gesamten Mietzeitraum, ab \u00dcbergabe bis zur R\u00fcckgabe des Mietgegenstandes, vollumf\u00e4nglich auf den Mieter \u00fcber. Dies bedeutet, dass der Mieter im gesamten Mietzeitraum und auch im Falle einer Mietzeit\u00fcberschreitung f\u00fcr jeden von ihm zu vertretenden Schaden, f\u00fcr Verlust oder Untergang des Mietgegenstandes einschlie\u00dflich Teilen und Zubeh\u00f6r haftet.<\/p>\n<p>Jeder an dem Mietgegenstand entstandene Schaden ist dem Vermieter unverz\u00fcglich anzuzeigen. Besch\u00e4digtes und verlorengegangenes Mietgut wird von Seiten des Vermieters auf Kosten des Mieters repariert bzw. wiederbeschafft. Der Mieter ist gleichwohl verpflichtetet, den vollst\u00e4ndigen Mietzins zu entrichten. Der Mieter ist nicht berechtigt, eigene Reparaturen an dem Mietgegenstand vorzunehmen.<\/p>\n<p>Der Mieter \u00fcbernimmt ab \u00dcbergabe bis zur R\u00fcckgabe des Mietgegenstandes die Haftung f\u00fcr alle Anspr\u00fcche, die sich aus der Benutzung des Mietgegenstandes ergeben. Der Mieter haftet insbesondere auch f\u00fcr Personensch\u00e4den, die sich aus der Verletzung seiner Aufsichtspflicht ergeben. Der Mieter stellt den Vermieter im Rahmen seiner Haftung von allen eigenen und allen Anspr\u00fcchen Dritter auf erstes Anfordern frei. S\u00e4mtliche Anspr\u00fcche tr\u00e4gt allein der Mieter.<\/p>\n<p>Der Mieter ist verpflichtet, f\u00fcr den gesamten Mietzeitraum ab \u00dcbergabe bis zur R\u00fcckgabe des Mietgegenstandes eine Haftpflichtversicherung f\u00fcr Sachsch\u00e4den bzgl. des Mietgegenstandes einschlie\u00dflich Teilen und Zubeh\u00f6r abzuschlie\u00dfen. Der Mieter ist ebenso verpflichtet, eine Personenschadenversicherung (Unfallversicherung) abzuschlie\u00dfen.<\/p>\n<p>Der Mietgegenstand wird dem Mieter im ordnungsgem\u00e4\u00dfen Zustand und vollst\u00e4ndig \u00fcbergeben. Dem Mieter ist die M\u00f6glichkeit er\u00f6ffnet, dies bei \u00dcbergabe des Mietgegenstandes selbst\u00e4ndig zu \u00fcberpr\u00fcfen und etwaige Sch\u00e4den oder Unvollst\u00e4ndigkeiten sofort bis zur endg\u00fcltigen \u00dcbergabe dem Vermieter anzuzeigen.<\/p>\n<\/div>\n<div class=\"section\">\n<h2>\u00a0<\/h2>\n<h2>\u00a0<\/h2>\n<h2>5. Kontaktdaten zum Entleih<\/h2>\n<p>Die jeweiligen Ausleihgegenst\u00e4nde m\u00fcssen von Ihnen abgeholt werden bei:<\/p>\n<p><strong>Thomas Sch\u00e4fer, Plattenweg 3,66484 Gro\u00dfsteinhausen<\/strong><\/p>\n<p>Nach Abschluss der Ma\u00dfnahme m\u00fcssen sie an die gleiche Adresse zur\u00fcckgebracht werden.<\/p>\n<p>Termine m\u00fcssen telefonisch mit Thomas Sch\u00e4fer (0175-8633335) oder Bernd Schaumburger (0179-6766891) vereinbart werden.<\/p>\n<\/div>\n<div class=\"section\">\n<h2>\u00a0<\/h2>\n<h2>\u00a0<\/h2>\n<h2>6. Sonstiges zum Entleih<\/h2>\n<p>Das zul\u00e4ssige Gesamtgewicht des Bubble Ball-\/H\u00fcpfburganh\u00e4ngers betr\u00e4gt 750kg (ungebremster Anh\u00e4nger). Aus diesem Grund muss das abholende Fahrzeug, f\u00fcr das o.g. Gewicht ausgelegt sein.<\/p>\n<\/div>\n<p>&nbsp;<\/p>\n<p>&nbsp;<\/p>\n<p>[\/et_pb_text][\/et_pb_column][\/et_pb_row][\/et_pb_section]<\/p>\n","protected":false},"excerpt":{"rendered":"<p>Mietvertrag f\u00fcr Spielger\u00e4te des Kreisjugendring S\u00fcdwestpfalz e.V. Zwischen dem Kreisjugendring S\u00fcdwestpfalz e.V. Gesch\u00e4ftsstelle: Kreisverwaltung Postfach 2265 66930 Pirmasens (Vermieter) und dem Mieter wie im Online-Formular angegeben wird folgender Mietvertrag geschlossen: \u00a0 \u00a0 1. Einsatzdaten Der Vermieter \u00fcberl\u00e4sst dem Mieter das\/die im Online-Modul angegebene(n) Ausleihgegenstand\/st\u00e4nde f\u00fcr den im Modul angegebenen Einsatzzeitraum und Einsatzzweck. Der genaue \u00dcbergabe- [&hellip;]<\/p>\n","protected":false},"author":1,"featured_media":0,"parent":0,"menu_order":6,"comment_status":"closed","ping_status":"closed","template":"","meta":{"_et_pb_use_builder":"on","_et_pb_old_content":"","_et_gb_content_width":"","footnotes":""},"difl_page_category":[],"class_list":["post-21","page","type-page","status-publish","hentry"],"yoast_head":"<!-- This site is optimized with the Yoast SEO plugin v27.3 - https:\/\/yoast.com\/product\/yoast-seo-wordpress\/ -->\n<title>Vertragsbedingungen - Kreisjugendring S\u00fcdwestpfalz e.V.<\/title>\n<meta name=\"robots\" content=\"index, follow, max-snippet:-1, max-image-preview:large, max-video-preview:-1\" \/>\n<link rel=\"canonical\" href=\"https:\/\/mieten.kjr-swp.de\/mieten\/vertragsbedingungen\/\" \/>\n<meta property=\"og:locale\" content=\"de_DE\" \/>\n<meta property=\"og:type\" content=\"article\" \/>\n<meta property=\"og:title\" content=\"Vertragsbedingungen - Kreisjugendring S\u00fcdwestpfalz e.V.\" \/>\n<meta property=\"og:description\" content=\"Mietvertrag f\u00fcr Spielger\u00e4te des Kreisjugendring S\u00fcdwestpfalz e.V. Zwischen dem Kreisjugendring S\u00fcdwestpfalz e.V. Gesch\u00e4ftsstelle: Kreisverwaltung Postfach 2265 66930 Pirmasens (Vermieter) und dem Mieter wie im Online-Formular angegeben wird folgender Mietvertrag geschlossen: \u00a0 \u00a0 1. Einsatzdaten Der Vermieter \u00fcberl\u00e4sst dem Mieter das\/die im Online-Modul angegebene(n) Ausleihgegenstand\/st\u00e4nde f\u00fcr den im Modul angegebenen Einsatzzeitraum und Einsatzzweck. Der genaue \u00dcbergabe- [&hellip;]\" \/>\n<meta property=\"og:url\" content=\"https:\/\/mieten.kjr-swp.de\/mieten\/vertragsbedingungen\/\" \/>\n<meta property=\"og:site_name\" content=\"Kreisjugendring S\u00fcdwestpfalz e.V.\" \/>\n<meta property=\"article:modified_time\" content=\"2026-03-08T21:49:53+00:00\" \/>\n<meta name=\"twitter:card\" content=\"summary_large_image\" \/>\n<meta name=\"twitter:label1\" content=\"Gesch\u00e4tzte Lesezeit\" \/>\n\t<meta name=\"twitter:data1\" content=\"5\u00a0Minuten\" \/>\n<script type=\"application\/ld+json\" class=\"yoast-schema-graph\">{\"@context\":\"https:\\\/\\\/schema.org\",\"@graph\":[{\"@type\":\"WebPage\",\"@id\":\"https:\\\/\\\/mieten.kjr-swp.de\\\/mieten\\\/vertragsbedingungen\\\/\",\"url\":\"https:\\\/\\\/mieten.kjr-swp.de\\\/mieten\\\/vertragsbedingungen\\\/\",\"name\":\"Vertragsbedingungen - Kreisjugendring S\u00fcdwestpfalz e.V.\",\"isPartOf\":{\"@id\":\"https:\\\/\\\/mieten.kjr-swp.de\\\/mieten\\\/#website\"},\"datePublished\":\"2024-06-25T22:23:37+00:00\",\"dateModified\":\"2026-03-08T21:49:53+00:00\",\"breadcrumb\":{\"@id\":\"https:\\\/\\\/mieten.kjr-swp.de\\\/mieten\\\/vertragsbedingungen\\\/#breadcrumb\"},\"inLanguage\":\"de\",\"potentialAction\":[{\"@type\":\"ReadAction\",\"target\":[\"https:\\\/\\\/mieten.kjr-swp.de\\\/mieten\\\/vertragsbedingungen\\\/\"]}]},{\"@type\":\"BreadcrumbList\",\"@id\":\"https:\\\/\\\/mieten.kjr-swp.de\\\/mieten\\\/vertragsbedingungen\\\/#breadcrumb\",\"itemListElement\":[{\"@type\":\"ListItem\",\"position\":1,\"name\":\"Startseite\",\"item\":\"https:\\\/\\\/mieten.kjr-swp.de\\\/mieten\\\/\"},{\"@type\":\"ListItem\",\"position\":2,\"name\":\"Vertragsbedingungen\"}]},{\"@type\":\"WebSite\",\"@id\":\"https:\\\/\\\/mieten.kjr-swp.de\\\/mieten\\\/#website\",\"url\":\"https:\\\/\\\/mieten.kjr-swp.de\\\/mieten\\\/\",\"name\":\"Kreisjugendring S\u00fcdwestpfalz e.V.\",\"description\":\"Verleihangebot\",\"publisher\":{\"@id\":\"https:\\\/\\\/mieten.kjr-swp.de\\\/mieten\\\/#organization\"},\"potentialAction\":[{\"@type\":\"SearchAction\",\"target\":{\"@type\":\"EntryPoint\",\"urlTemplate\":\"https:\\\/\\\/mieten.kjr-swp.de\\\/mieten\\\/?s={search_term_string}\"},\"query-input\":{\"@type\":\"PropertyValueSpecification\",\"valueRequired\":true,\"valueName\":\"search_term_string\"}}],\"inLanguage\":\"de\"},{\"@type\":\"Organization\",\"@id\":\"https:\\\/\\\/mieten.kjr-swp.de\\\/mieten\\\/#organization\",\"name\":\"Kreisjugendring S\u00fcdwestpfalz e.V.\",\"url\":\"https:\\\/\\\/mieten.kjr-swp.de\\\/mieten\\\/\",\"logo\":{\"@type\":\"ImageObject\",\"inLanguage\":\"de\",\"@id\":\"https:\\\/\\\/mieten.kjr-swp.de\\\/mieten\\\/#\\\/schema\\\/logo\\\/image\\\/\",\"url\":\"https:\\\/\\\/mieten.kjr-swp.de\\\/mieten\\\/wp-content\\\/uploads\\\/2026\\\/02\\\/Logo_KJR-150x90-1.png\",\"contentUrl\":\"https:\\\/\\\/mieten.kjr-swp.de\\\/mieten\\\/wp-content\\\/uploads\\\/2026\\\/02\\\/Logo_KJR-150x90-1.png\",\"width\":156,\"height\":91,\"caption\":\"Kreisjugendring S\u00fcdwestpfalz e.V.\"},\"image\":{\"@id\":\"https:\\\/\\\/mieten.kjr-swp.de\\\/mieten\\\/#\\\/schema\\\/logo\\\/image\\\/\"}}]}<\/script>\n<!-- \/ Yoast SEO plugin. -->","yoast_head_json":{"title":"Vertragsbedingungen - Kreisjugendring S\u00fcdwestpfalz e.V.","robots":{"index":"index","follow":"follow","max-snippet":"max-snippet:-1","max-image-preview":"max-image-preview:large","max-video-preview":"max-video-preview:-1"},"canonical":"https:\/\/mieten.kjr-swp.de\/mieten\/vertragsbedingungen\/","og_locale":"de_DE","og_type":"article","og_title":"Vertragsbedingungen - Kreisjugendring S\u00fcdwestpfalz e.V.","og_description":"Mietvertrag f\u00fcr Spielger\u00e4te des Kreisjugendring S\u00fcdwestpfalz e.V. Zwischen dem Kreisjugendring S\u00fcdwestpfalz e.V. Gesch\u00e4ftsstelle: Kreisverwaltung Postfach 2265 66930 Pirmasens (Vermieter) und dem Mieter wie im Online-Formular angegeben wird folgender Mietvertrag geschlossen: \u00a0 \u00a0 1. Einsatzdaten Der Vermieter \u00fcberl\u00e4sst dem Mieter das\/die im Online-Modul angegebene(n) Ausleihgegenstand\/st\u00e4nde f\u00fcr den im Modul angegebenen Einsatzzeitraum und Einsatzzweck. Der genaue \u00dcbergabe- [&hellip;]","og_url":"https:\/\/mieten.kjr-swp.de\/mieten\/vertragsbedingungen\/","og_site_name":"Kreisjugendring S\u00fcdwestpfalz e.V.","article_modified_time":"2026-03-08T21:49:53+00:00","twitter_card":"summary_large_image","twitter_misc":{"Gesch\u00e4tzte Lesezeit":"5\u00a0Minuten"},"schema":{"@context":"https:\/\/schema.org","@graph":[{"@type":"WebPage","@id":"https:\/\/mieten.kjr-swp.de\/mieten\/vertragsbedingungen\/","url":"https:\/\/mieten.kjr-swp.de\/mieten\/vertragsbedingungen\/","name":"Vertragsbedingungen - Kreisjugendring S\u00fcdwestpfalz e.V.","isPartOf":{"@id":"https:\/\/mieten.kjr-swp.de\/mieten\/#website"},"datePublished":"2024-06-25T22:23:37+00:00","dateModified":"2026-03-08T21:49:53+00:00","breadcrumb":{"@id":"https:\/\/mieten.kjr-swp.de\/mieten\/vertragsbedingungen\/#breadcrumb"},"inLanguage":"de","potentialAction":[{"@type":"ReadAction","target":["https:\/\/mieten.kjr-swp.de\/mieten\/vertragsbedingungen\/"]}]},{"@type":"BreadcrumbList","@id":"https:\/\/mieten.kjr-swp.de\/mieten\/vertragsbedingungen\/#breadcrumb","itemListElement":[{"@type":"ListItem","position":1,"name":"Startseite","item":"https:\/\/mieten.kjr-swp.de\/mieten\/"},{"@type":"ListItem","position":2,"name":"Vertragsbedingungen"}]},{"@type":"WebSite","@id":"https:\/\/mieten.kjr-swp.de\/mieten\/#website","url":"https:\/\/mieten.kjr-swp.de\/mieten\/","name":"Kreisjugendring S\u00fcdwestpfalz e.V.","description":"Verleihangebot","publisher":{"@id":"https:\/\/mieten.kjr-swp.de\/mieten\/#organization"},"potentialAction":[{"@type":"SearchAction","target":{"@type":"EntryPoint","urlTemplate":"https:\/\/mieten.kjr-swp.de\/mieten\/?s={search_term_string}"},"query-input":{"@type":"PropertyValueSpecification","valueRequired":true,"valueName":"search_term_string"}}],"inLanguage":"de"},{"@type":"Organization","@id":"https:\/\/mieten.kjr-swp.de\/mieten\/#organization","name":"Kreisjugendring S\u00fcdwestpfalz e.V.","url":"https:\/\/mieten.kjr-swp.de\/mieten\/","logo":{"@type":"ImageObject","inLanguage":"de","@id":"https:\/\/mieten.kjr-swp.de\/mieten\/#\/schema\/logo\/image\/","url":"https:\/\/mieten.kjr-swp.de\/mieten\/wp-content\/uploads\/2026\/02\/Logo_KJR-150x90-1.png","contentUrl":"https:\/\/mieten.kjr-swp.de\/mieten\/wp-content\/uploads\/2026\/02\/Logo_KJR-150x90-1.png","width":156,"height":91,"caption":"Kreisjugendring S\u00fcdwestpfalz e.V."},"image":{"@id":"https:\/\/mieten.kjr-swp.de\/mieten\/#\/schema\/logo\/image\/"}}]}},"_links":{"self":[{"href":"https:\/\/mieten.kjr-swp.de\/mieten\/wp-json\/wp\/v2\/pages\/21","targetHints":{"allow":["GET"]}}],"collection":[{"href":"https:\/\/mieten.kjr-swp.de\/mieten\/wp-json\/wp\/v2\/pages"}],"about":[{"href":"https:\/\/mieten.kjr-swp.de\/mieten\/wp-json\/wp\/v2\/types\/page"}],"author":[{"embeddable":true,"href":"https:\/\/mieten.kjr-swp.de\/mieten\/wp-json\/wp\/v2\/users\/1"}],"replies":[{"embeddable":true,"href":"https:\/\/mieten.kjr-swp.de\/mieten\/wp-json\/wp\/v2\/comments?post=21"}],"version-history":[{"count":6,"href":"https:\/\/mieten.kjr-swp.de\/mieten\/wp-json\/wp\/v2\/pages\/21\/revisions"}],"predecessor-version":[{"id":2855,"href":"https:\/\/mieten.kjr-swp.de\/mieten\/wp-json\/wp\/v2\/pages\/21\/revisions\/2855"}],"wp:attachment":[{"href":"https:\/\/mieten.kjr-swp.de\/mieten\/wp-json\/wp\/v2\/media?parent=21"}],"wp:term":[{"taxonomy":"difl_page_category","embeddable":true,"href":"https:\/\/mieten.kjr-swp.de\/mieten\/wp-json\/wp\/v2\/difl_page_category?post=21"}],"curies":[{"name":"wp","href":"https:\/\/api.w.org\/{rel}","templated":true}]}}