{"id":2702,"date":"2025-01-30T17:25:23","date_gmt":"2025-01-30T16:25:23","guid":{"rendered":"https:\/\/mieten.kjr-swp.de\/mieten\/?post_type=product&#038;p=2702"},"modified":"2026-03-08T22:38:14","modified_gmt":"2026-03-08T21:38:14","slug":"anhaenger1","status":"publish","type":"product","link":"https:\/\/mieten.kjr-swp.de\/mieten\/produkt\/anhaenger1\/","title":{"rendered":"Verleih Anh\u00e4nger 1"},"content":{"rendered":"<p>[et_pb_section fb_built=&#8220;1&#8243; _builder_version=&#8220;4.27.0&#8243; _module_preset=&#8220;default&#8220; global_colors_info=&#8220;{}&#8220;][\/et_pb_section]<\/p>\n","protected":false},"excerpt":{"rendered":"","protected":false},"featured_media":2708,"template":"","meta":{"_et_pb_use_builder":"on","_et_pb_old_content":"<strong>Was finde ich im Anh\u00e4nger 1?<\/strong>\r\n\r\nBalancier-Board, Balancier-Teller, B\u00e4lle, Ballfangspiel, Beach-Tennis, Bobbycar, Boccia-Spiel, Dreir\u00e4der, Eimerstelzen, Einrad, Hockeyschl\u00e4ger, H\u00fcpfs\u00e4cke, Jonglierb\u00e4lle, Jonglier-Keulen, Jonglier-Ringe, Jonglier-Teller, Kegelspiele, Kinder-Drehteller, Kriechtunnel, Kugel-Rotationsring, Kunststoff-Steck-Tore, Laufstelzen, Markierh\u00fctchen, Markierstangen, Mega-4-Gewinnt, Mini-Crocketspiel, Pedalo, Rh\u00f6nrad, Riesen-Gummiball, Riesen-Kartenhauskarten, Riesenkreisel, Riesen-Schaumstoff-W\u00fcrfel, Riesen-Seifenblasenset, Riesen-Steck-Bausteine, Ringwurfspiel, Roll-Board, Schwingrad, Schwung-Ei-Spiel, Slackline, Tauziehseil, Tischtennis-Schl\u00e4ger, Tretroller, Wackelturm, Wasserbombenschleuder\r\n\r\n<a href=\"https:\/\/mieten.kjr-swp.de\/mieten\/wp-content\/uploads\/2025\/01\/PS-KJ-47-Spieleanhaenger_1-Inhalt_Optimized-1.pdf\" target=\"_blank\" rel=\"noopener\">Bebilderte Inhaltsliste Anh\u00e4nger 1<\/a>","_et_gb_content_width":""},"product_brand":[],"product_cat":[15],"product_tag":[],"class_list":{"0":"post-2702","1":"product","2":"type-product","3":"status-publish","4":"has-post-thumbnail","6":"product_cat-ausleihartikel","8":"first","9":"instock","10":"shipping-taxable","11":"purchasable","12":"product-type-redq_rental"},"yoast_head":"<!-- This site is optimized with the Yoast SEO plugin v27.3 - https:\/\/yoast.com\/product\/yoast-seo-wordpress\/ -->\n<title>Verleih Anh\u00e4nger 1 - Kreisjugendring S\u00fcdwestpfalz e.V.<\/title>\n<meta name=\"robots\" content=\"index, follow, max-snippet:-1, max-image-preview:large, max-video-preview:-1\" \/>\n<link rel=\"canonical\" href=\"https:\/\/mieten.kjr-swp.de\/mieten\/produkt\/anhaenger1\/\" \/>\n<meta property=\"og:locale\" content=\"de_DE\" \/>\n<meta property=\"og:type\" content=\"article\" \/>\n<meta property=\"og:title\" content=\"Verleih Anh\u00e4nger 1 - Kreisjugendring S\u00fcdwestpfalz e.V.\" \/>\n<meta property=\"og:url\" content=\"https:\/\/mieten.kjr-swp.de\/mieten\/produkt\/anhaenger1\/\" \/>\n<meta property=\"og:site_name\" content=\"Kreisjugendring S\u00fcdwestpfalz e.V.\" \/>\n<meta property=\"article:modified_time\" content=\"2026-03-08T21:38:14+00:00\" \/>\n<meta property=\"og:image\" content=\"https:\/\/mieten.kjr-swp.de\/mieten\/wp-content\/uploads\/2025\/01\/20250327_144719946_iOS-scaled.jpg\" \/>\n\t<meta property=\"og:image:width\" content=\"2560\" \/>\n\t<meta property=\"og:image:height\" content=\"1775\" \/>\n\t<meta property=\"og:image:type\" content=\"image\/jpeg\" \/>\n<meta name=\"twitter:card\" content=\"summary_large_image\" \/>\n<meta name=\"twitter:label1\" content=\"Gesch\u00e4tzte Lesezeit\" \/>\n\t<meta name=\"twitter:data1\" content=\"1\u00a0Minute\" \/>\n<script type=\"application\/ld+json\" class=\"yoast-schema-graph\">{\"@context\":\"https:\\\/\\\/schema.org\",\"@graph\":[{\"@type\":\"WebPage\",\"@id\":\"https:\\\/\\\/mieten.kjr-swp.de\\\/mieten\\\/produkt\\\/anhaenger1\\\/\",\"url\":\"https:\\\/\\\/mieten.kjr-swp.de\\\/mieten\\\/produkt\\\/anhaenger1\\\/\",\"name\":\"Verleih Anh\u00e4nger 1 - Kreisjugendring S\u00fcdwestpfalz e.V.\",\"isPartOf\":{\"@id\":\"https:\\\/\\\/mieten.kjr-swp.de\\\/mieten\\\/#website\"},\"primaryImageOfPage\":{\"@id\":\"https:\\\/\\\/mieten.kjr-swp.de\\\/mieten\\\/produkt\\\/anhaenger1\\\/#primaryimage\"},\"image\":{\"@id\":\"https:\\\/\\\/mieten.kjr-swp.de\\\/mieten\\\/produkt\\\/anhaenger1\\\/#primaryimage\"},\"thumbnailUrl\":\"https:\\\/\\\/mieten.kjr-swp.de\\\/mieten\\\/wp-content\\\/uploads\\\/2025\\\/01\\\/20250327_144719946_iOS-scaled.jpg\",\"datePublished\":\"2025-01-30T16:25:23+00:00\",\"dateModified\":\"2026-03-08T21:38:14+00:00\",\"breadcrumb\":{\"@id\":\"https:\\\/\\\/mieten.kjr-swp.de\\\/mieten\\\/produkt\\\/anhaenger1\\\/#breadcrumb\"},\"inLanguage\":\"de\",\"potentialAction\":[{\"@type\":\"ReadAction\",\"target\":[\"https:\\\/\\\/mieten.kjr-swp.de\\\/mieten\\\/produkt\\\/anhaenger1\\\/\"]}]},{\"@type\":\"ImageObject\",\"inLanguage\":\"de\",\"@id\":\"https:\\\/\\\/mieten.kjr-swp.de\\\/mieten\\\/produkt\\\/anhaenger1\\\/#primaryimage\",\"url\":\"https:\\\/\\\/mieten.kjr-swp.de\\\/mieten\\\/wp-content\\\/uploads\\\/2025\\\/01\\\/20250327_144719946_iOS-scaled.jpg\",\"contentUrl\":\"https:\\\/\\\/mieten.kjr-swp.de\\\/mieten\\\/wp-content\\\/uploads\\\/2025\\\/01\\\/20250327_144719946_iOS-scaled.jpg\",\"width\":2560,\"height\":1775,\"caption\":\"Au\u00dfenansicht Anh\u00e4nger\"},{\"@type\":\"BreadcrumbList\",\"@id\":\"https:\\\/\\\/mieten.kjr-swp.de\\\/mieten\\\/produkt\\\/anhaenger1\\\/#breadcrumb\",\"itemListElement\":[{\"@type\":\"ListItem\",\"position\":1,\"name\":\"Startseite\",\"item\":\"https:\\\/\\\/mieten.kjr-swp.de\\\/mieten\\\/\"},{\"@type\":\"ListItem\",\"position\":2,\"name\":\"Shop\",\"item\":\"https:\\\/\\\/mieten.kjr-swp.de\\\/mieten\\\/shop\\\/\"},{\"@type\":\"ListItem\",\"position\":3,\"name\":\"Verleih Anh\u00e4nger 1\"}]},{\"@type\":\"WebSite\",\"@id\":\"https:\\\/\\\/mieten.kjr-swp.de\\\/mieten\\\/#website\",\"url\":\"https:\\\/\\\/mieten.kjr-swp.de\\\/mieten\\\/\",\"name\":\"Kreisjugendring S\u00fcdwestpfalz e.V.\",\"description\":\"Verleihangebot\",\"publisher\":{\"@id\":\"https:\\\/\\\/mieten.kjr-swp.de\\\/mieten\\\/#organization\"},\"potentialAction\":[{\"@type\":\"SearchAction\",\"target\":{\"@type\":\"EntryPoint\",\"urlTemplate\":\"https:\\\/\\\/mieten.kjr-swp.de\\\/mieten\\\/?s={search_term_string}\"},\"query-input\":{\"@type\":\"PropertyValueSpecification\",\"valueRequired\":true,\"valueName\":\"search_term_string\"}}],\"inLanguage\":\"de\"},{\"@type\":\"Organization\",\"@id\":\"https:\\\/\\\/mieten.kjr-swp.de\\\/mieten\\\/#organization\",\"name\":\"Kreisjugendring S\u00fcdwestpfalz e.V.\",\"url\":\"https:\\\/\\\/mieten.kjr-swp.de\\\/mieten\\\/\",\"logo\":{\"@type\":\"ImageObject\",\"inLanguage\":\"de\",\"@id\":\"https:\\\/\\\/mieten.kjr-swp.de\\\/mieten\\\/#\\\/schema\\\/logo\\\/image\\\/\",\"url\":\"https:\\\/\\\/mieten.kjr-swp.de\\\/mieten\\\/wp-content\\\/uploads\\\/2026\\\/02\\\/Logo_KJR-150x90-1.png\",\"contentUrl\":\"https:\\\/\\\/mieten.kjr-swp.de\\\/mieten\\\/wp-content\\\/uploads\\\/2026\\\/02\\\/Logo_KJR-150x90-1.png\",\"width\":156,\"height\":91,\"caption\":\"Kreisjugendring S\u00fcdwestpfalz e.V.\"},\"image\":{\"@id\":\"https:\\\/\\\/mieten.kjr-swp.de\\\/mieten\\\/#\\\/schema\\\/logo\\\/image\\\/\"}}]}<\/script>\n<!-- \/ Yoast SEO plugin. -->","yoast_head_json":{"title":"Verleih Anh\u00e4nger 1 - Kreisjugendring S\u00fcdwestpfalz e.V.","robots":{"index":"index","follow":"follow","max-snippet":"max-snippet:-1","max-image-preview":"max-image-preview:large","max-video-preview":"max-video-preview:-1"},"canonical":"https:\/\/mieten.kjr-swp.de\/mieten\/produkt\/anhaenger1\/","og_locale":"de_DE","og_type":"article","og_title":"Verleih Anh\u00e4nger 1 - Kreisjugendring S\u00fcdwestpfalz e.V.","og_url":"https:\/\/mieten.kjr-swp.de\/mieten\/produkt\/anhaenger1\/","og_site_name":"Kreisjugendring S\u00fcdwestpfalz e.V.","article_modified_time":"2026-03-08T21:38:14+00:00","og_image":[{"width":2560,"height":1775,"url":"https:\/\/mieten.kjr-swp.de\/mieten\/wp-content\/uploads\/2025\/01\/20250327_144719946_iOS-scaled.jpg","type":"image\/jpeg"}],"twitter_card":"summary_large_image","twitter_misc":{"Gesch\u00e4tzte Lesezeit":"1\u00a0Minute"},"schema":{"@context":"https:\/\/schema.org","@graph":[{"@type":"WebPage","@id":"https:\/\/mieten.kjr-swp.de\/mieten\/produkt\/anhaenger1\/","url":"https:\/\/mieten.kjr-swp.de\/mieten\/produkt\/anhaenger1\/","name":"Verleih Anh\u00e4nger 1 - Kreisjugendring S\u00fcdwestpfalz e.V.","isPartOf":{"@id":"https:\/\/mieten.kjr-swp.de\/mieten\/#website"},"primaryImageOfPage":{"@id":"https:\/\/mieten.kjr-swp.de\/mieten\/produkt\/anhaenger1\/#primaryimage"},"image":{"@id":"https:\/\/mieten.kjr-swp.de\/mieten\/produkt\/anhaenger1\/#primaryimage"},"thumbnailUrl":"https:\/\/mieten.kjr-swp.de\/mieten\/wp-content\/uploads\/2025\/01\/20250327_144719946_iOS-scaled.jpg","datePublished":"2025-01-30T16:25:23+00:00","dateModified":"2026-03-08T21:38:14+00:00","breadcrumb":{"@id":"https:\/\/mieten.kjr-swp.de\/mieten\/produkt\/anhaenger1\/#breadcrumb"},"inLanguage":"de","potentialAction":[{"@type":"ReadAction","target":["https:\/\/mieten.kjr-swp.de\/mieten\/produkt\/anhaenger1\/"]}]},{"@type":"ImageObject","inLanguage":"de","@id":"https:\/\/mieten.kjr-swp.de\/mieten\/produkt\/anhaenger1\/#primaryimage","url":"https:\/\/mieten.kjr-swp.de\/mieten\/wp-content\/uploads\/2025\/01\/20250327_144719946_iOS-scaled.jpg","contentUrl":"https:\/\/mieten.kjr-swp.de\/mieten\/wp-content\/uploads\/2025\/01\/20250327_144719946_iOS-scaled.jpg","width":2560,"height":1775,"caption":"Au\u00dfenansicht Anh\u00e4nger"},{"@type":"BreadcrumbList","@id":"https:\/\/mieten.kjr-swp.de\/mieten\/produkt\/anhaenger1\/#breadcrumb","itemListElement":[{"@type":"ListItem","position":1,"name":"Startseite","item":"https:\/\/mieten.kjr-swp.de\/mieten\/"},{"@type":"ListItem","position":2,"name":"Shop","item":"https:\/\/mieten.kjr-swp.de\/mieten\/shop\/"},{"@type":"ListItem","position":3,"name":"Verleih Anh\u00e4nger 1"}]},{"@type":"WebSite","@id":"https:\/\/mieten.kjr-swp.de\/mieten\/#website","url":"https:\/\/mieten.kjr-swp.de\/mieten\/","name":"Kreisjugendring S\u00fcdwestpfalz e.V.","description":"Verleihangebot","publisher":{"@id":"https:\/\/mieten.kjr-swp.de\/mieten\/#organization"},"potentialAction":[{"@type":"SearchAction","target":{"@type":"EntryPoint","urlTemplate":"https:\/\/mieten.kjr-swp.de\/mieten\/?s={search_term_string}"},"query-input":{"@type":"PropertyValueSpecification","valueRequired":true,"valueName":"search_term_string"}}],"inLanguage":"de"},{"@type":"Organization","@id":"https:\/\/mieten.kjr-swp.de\/mieten\/#organization","name":"Kreisjugendring S\u00fcdwestpfalz e.V.","url":"https:\/\/mieten.kjr-swp.de\/mieten\/","logo":{"@type":"ImageObject","inLanguage":"de","@id":"https:\/\/mieten.kjr-swp.de\/mieten\/#\/schema\/logo\/image\/","url":"https:\/\/mieten.kjr-swp.de\/mieten\/wp-content\/uploads\/2026\/02\/Logo_KJR-150x90-1.png","contentUrl":"https:\/\/mieten.kjr-swp.de\/mieten\/wp-content\/uploads\/2026\/02\/Logo_KJR-150x90-1.png","width":156,"height":91,"caption":"Kreisjugendring S\u00fcdwestpfalz e.V."},"image":{"@id":"https:\/\/mieten.kjr-swp.de\/mieten\/#\/schema\/logo\/image\/"}}]}},"_links":{"self":[{"href":"https:\/\/mieten.kjr-swp.de\/mieten\/wp-json\/wp\/v2\/product\/2702","targetHints":{"allow":["GET"]}}],"collection":[{"href":"https:\/\/mieten.kjr-swp.de\/mieten\/wp-json\/wp\/v2\/product"}],"about":[{"href":"https:\/\/mieten.kjr-swp.de\/mieten\/wp-json\/wp\/v2\/types\/product"}],"wp:featuredmedia":[{"embeddable":true,"href":"https:\/\/mieten.kjr-swp.de\/mieten\/wp-json\/wp\/v2\/media\/2708"}],"wp:attachment":[{"href":"https:\/\/mieten.kjr-swp.de\/mieten\/wp-json\/wp\/v2\/media?parent=2702"}],"wp:term":[{"taxonomy":"product_brand","embeddable":true,"href":"https:\/\/mieten.kjr-swp.de\/mieten\/wp-json\/wp\/v2\/product_brand?post=2702"},{"taxonomy":"product_cat","embeddable":true,"href":"https:\/\/mieten.kjr-swp.de\/mieten\/wp-json\/wp\/v2\/product_cat?post=2702"},{"taxonomy":"product_tag","embeddable":true,"href":"https:\/\/mieten.kjr-swp.de\/mieten\/wp-json\/wp\/v2\/product_tag?post=2702"}],"curies":[{"name":"wp","href":"https:\/\/api.w.org\/{rel}","templated":true}]}}